{"id":20404,"date":"2025-08-25T12:43:33","date_gmt":"2025-08-25T12:43:33","guid":{"rendered":"https:\/\/villaparksandalo.com\/pozemky\/"},"modified":"2025-08-25T13:26:38","modified_gmt":"2025-08-25T13:26:38","slug":"pozemky","status":"publish","type":"page","link":"https:\/\/villaparksandalo.com\/cs\/pozemky\/","title":{"rendered":"Pozemky"},"content":{"rendered":"\t\t<div data-elementor-type=\"wp-page\" data-elementor-id=\"20404\" class=\"elementor elementor-20404 elementor-20374\">\n\t\t\t\t<div class=\"elementor-element elementor-element-2e9e58cb animated-slow e-flex e-con-boxed elementor-invisible e-con e-parent\" data-id=\"2e9e58cb\" data-element_type=\"container\" data-settings=\"{&quot;background_background&quot;:&quot;classic&quot;,&quot;animation&quot;:&quot;fadeIn&quot;}\">\n\t\t\t\t\t<div class=\"e-con-inner\">\n\t\t<div class=\"elementor-element elementor-element-46c4d8cd e-con-full e-flex e-con e-child\" data-id=\"46c4d8cd\" data-element_type=\"container\">\n\t\t\t\t<div class=\"elementor-element elementor-element-10b46ebc elementor-invisible elementor-widget elementor-widget-heading\" data-id=\"10b46ebc\" data-element_type=\"widget\" data-settings=\"{&quot;_animation&quot;:&quot;fadeInDown&quot;}\" data-widget_type=\"heading.default\">\n\t\t\t\t<div class=\"elementor-widget-container\">\n\t\t\t\t\t<h1 class=\"elementor-heading-title elementor-size-default\">Vyberte si z nab\u00eddky pozemk\u016f<\/h1>\t\t\t\t<\/div>\n\t\t\t\t<\/div>\n\t\t\t\t<\/div>\n\t\t\t\t\t<\/div>\n\t\t\t\t<\/div>\n\t\t\t\t<section class=\"elementor-section elementor-top-section elementor-element elementor-element-6a0c2ba2 elementor-section-boxed elementor-section-height-default elementor-section-height-default\" data-id=\"6a0c2ba2\" data-element_type=\"section\" data-settings=\"{&quot;background_background&quot;:&quot;classic&quot;}\">\n\t\t\t\t\t\t<div class=\"elementor-container elementor-column-gap-default\">\n\t\t\t\t\t<div class=\"elementor-column elementor-col-100 elementor-top-column elementor-element elementor-element-3e0e0fed\" data-id=\"3e0e0fed\" data-element_type=\"column\">\n\t\t\t<div class=\"elementor-widget-wrap elementor-element-populated\">\n\t\t\t\t\t\t<div class=\"elementor-element elementor-element-1a15f123 elementor-widget elementor-widget-spacer\" data-id=\"1a15f123\" data-element_type=\"widget\" data-widget_type=\"spacer.default\">\n\t\t\t\t<div class=\"elementor-widget-container\">\n\t\t\t\t\t\t\t<div class=\"elementor-spacer\">\n\t\t\t<div class=\"elementor-spacer-inner\"><\/div>\n\t\t<\/div>\n\t\t\t\t\t\t<\/div>\n\t\t\t\t<\/div>\n\t\t\t\t<div class=\"elementor-element elementor-element-279c548a elementor-widget elementor-widget-text-editor\" data-id=\"279c548a\" data-element_type=\"widget\" data-widget_type=\"text-editor.default\">\n\t\t\t\t<div class=\"elementor-widget-container\">\n\t\t\t\t\t\t\t\t\t<p>Ve Villa Park Sandalo m\u00e1 ka\u017ed\u00fd klient mo\u017enost vybrat si sv\u016fj ide\u00e1ln\u00ed kousek r\u00e1je. Projekt nab\u00edz\u00ed exkluzivn\u00ed pozemky o rozloze <strong data-start=\"281\" data-end=\"293\" data-is-only-node=\"\">od 1 515 m\u00b2<\/strong>, ka\u017ed\u00fd obklopen\u00fd bujnou zelen\u00ed a s \u00fachvatn\u00fdm v\u00fdhledem na oce\u00e1n a tropick\u00fd de\u0161tn\u00fd prales. Jakmile je pozemek zaji\u0161t\u011bn, majitel\u00e9 si mohou navrhnout a postavit vilu podle sv\u00fdch preferenc\u00ed \u2013 a\u0165 u\u017e kompaktn\u00ed jednopokojov\u00fd \u00fakryt nebo prostorn\u00fd betonov\u00fd d\u016fm se t\u0159emi lo\u017enicemi. Tato flexibilita zaji\u0161\u0165uje, \u017ee ka\u017ed\u00e1 nemovitost skute\u010dn\u011b odr\u00e1\u017e\u00ed \u017eivotn\u00ed styl a vizi sv\u00e9ho majitele.   <\/p>\t\t\t\t\t\t\t\t<\/div>\n\t\t\t\t<\/div>\n\t\t\t\t<div class=\"elementor-element elementor-element-440fe5d6 elementor-widget elementor-widget-spacer\" data-id=\"440fe5d6\" data-element_type=\"widget\" data-widget_type=\"spacer.default\">\n\t\t\t\t<div class=\"elementor-widget-container\">\n\t\t\t\t\t\t\t<div class=\"elementor-spacer\">\n\t\t\t<div class=\"elementor-spacer-inner\"><\/div>\n\t\t<\/div>\n\t\t\t\t\t\t<\/div>\n\t\t\t\t<\/div>\n\t\t\t\t\t<\/div>\n\t\t<\/div>\n\t\t\t\t\t<\/div>\n\t\t<\/section>\n\t\t\t\t<section class=\"elementor-section elementor-top-section elementor-element elementor-element-55dc80e6 elementor-section-boxed elementor-section-height-default elementor-section-height-default\" data-id=\"55dc80e6\" data-element_type=\"section\" data-settings=\"{&quot;background_background&quot;:&quot;classic&quot;}\">\n\t\t\t\t\t\t<div class=\"elementor-container elementor-column-gap-default\">\n\t\t\t\t\t<div class=\"elementor-column elementor-col-100 elementor-top-column elementor-element elementor-element-7404cb84\" data-id=\"7404cb84\" data-element_type=\"column\">\n\t\t\t<div class=\"elementor-widget-wrap elementor-element-populated\">\n\t\t\t\t\t\t<div class=\"elementor-element elementor-element-40caff04 elementor-widget elementor-widget-spacer\" data-id=\"40caff04\" data-element_type=\"widget\" data-widget_type=\"spacer.default\">\n\t\t\t\t<div class=\"elementor-widget-container\">\n\t\t\t\t\t\t\t<div class=\"elementor-spacer\">\n\t\t\t<div class=\"elementor-spacer-inner\"><\/div>\n\t\t<\/div>\n\t\t\t\t\t\t<\/div>\n\t\t\t\t<\/div>\n\t\t\t\t<div class=\"elementor-element elementor-element-324f399f elementor-invisible elementor-widget elementor-widget-heading\" data-id=\"324f399f\" data-element_type=\"widget\" data-settings=\"{&quot;_animation&quot;:&quot;fadeInUp&quot;}\" data-widget_type=\"heading.default\">\n\t\t\t\t<div class=\"elementor-widget-container\">\n\t\t\t\t\t<h2 class=\"elementor-heading-title elementor-size-default\">Stavebn\u00ed pozemky od 2.654.600 K\u010d\n<\/h2>\t\t\t\t<\/div>\n\t\t\t\t<\/div>\n\t\t\t\t<div class=\"elementor-element elementor-element-ddfd526 elementor-widget elementor-widget-spacer\" data-id=\"ddfd526\" data-element_type=\"widget\" data-widget_type=\"spacer.default\">\n\t\t\t\t<div class=\"elementor-widget-container\">\n\t\t\t\t\t\t\t<div class=\"elementor-spacer\">\n\t\t\t<div class=\"elementor-spacer-inner\"><\/div>\n\t\t<\/div>\n\t\t\t\t\t\t<\/div>\n\t\t\t\t<\/div>\n\t\t\t\t\t<\/div>\n\t\t<\/div>\n\t\t\t\t\t<\/div>\n\t\t<\/section>\n\t\t\t\t<section class=\"elementor-section elementor-top-section elementor-element elementor-element-2ebb3c68 elementor-section-boxed elementor-section-height-default elementor-section-height-default\" data-id=\"2ebb3c68\" data-element_type=\"section\" data-settings=\"{&quot;background_background&quot;:&quot;classic&quot;}\">\n\t\t\t\t\t\t<div class=\"elementor-container elementor-column-gap-default\">\n\t\t\t\t\t<div class=\"elementor-column elementor-col-100 elementor-top-column elementor-element elementor-element-43af4c0\" data-id=\"43af4c0\" data-element_type=\"column\">\n\t\t\t<div class=\"elementor-widget-wrap elementor-element-populated\">\n\t\t\t\t\t\t<div class=\"elementor-element elementor-element-4d5f0258 elementor-widget elementor-widget-spacer\" data-id=\"4d5f0258\" data-element_type=\"widget\" data-widget_type=\"spacer.default\">\n\t\t\t\t<div class=\"elementor-widget-container\">\n\t\t\t\t\t\t\t<div class=\"elementor-spacer\">\n\t\t\t<div class=\"elementor-spacer-inner\"><\/div>\n\t\t<\/div>\n\t\t\t\t\t\t<\/div>\n\t\t\t\t<\/div>\n\t\t\t\t<div class=\"elementor-element elementor-element-667a36bc elementor-invisible elementor-widget elementor-widget-heading\" data-id=\"667a36bc\" data-element_type=\"widget\" data-settings=\"{&quot;_animation&quot;:&quot;fadeInUp&quot;}\" data-widget_type=\"heading.default\">\n\t\t\t\t<div class=\"elementor-widget-container\">\n\t\t\t\t\t<h2 class=\"elementor-heading-title elementor-size-default\">NA\u0160E AKTU\u00c1LN\u00cd NAB\u00cdDKA POZEMK\u016e<\/h2>\t\t\t\t<\/div>\n\t\t\t\t<\/div>\n\t\t\t\t<div class=\"elementor-element elementor-element-44c1d4a0 elementor-widget elementor-widget-spacer\" data-id=\"44c1d4a0\" data-element_type=\"widget\" data-widget_type=\"spacer.default\">\n\t\t\t\t<div class=\"elementor-widget-container\">\n\t\t\t\t\t\t\t<div class=\"elementor-spacer\">\n\t\t\t<div class=\"elementor-spacer-inner\"><\/div>\n\t\t<\/div>\n\t\t\t\t\t\t<\/div>\n\t\t\t\t<\/div>\n\t\t\t\t\t<\/div>\n\t\t<\/div>\n\t\t\t\t\t<\/div>\n\t\t<\/section>\n\t\t<div class=\"elementor-element elementor-element-ff88c96 e-flex e-con-boxed e-con e-parent\" data-id=\"ff88c96\" data-element_type=\"container\" data-settings=\"{&quot;background_background&quot;:&quot;classic&quot;}\">\n\t\t\t\t\t<div class=\"e-con-inner\">\n\t\t\t\t<div class=\"elementor-element elementor-element-8877af1 elementor-widget elementor-widget-houzez_elementor_property-card-v1\" data-id=\"8877af1\" data-element_type=\"widget\" data-widget_type=\"houzez_elementor_property-card-v1.default\">\n\t\t\t\t<div class=\"elementor-widget-container\">\n\t\t\t\t\t    <div id=\"properties_module_section\" class=\"property-cards-module property-cards-module-v1 property-cards-module-col-3\">\n        <div id=\"module_properties\" class=\"listing-view grid-view row row-cols-1 row-cols-md-2 row-cols-lg-3 gy-4 gx-4\">\n            <div class=\"p-4 bg-white\">\n\t<p class=\"text-center my-4 fs-5\">No listing found.<\/p>\n<\/div>        <\/div><!-- listing-view -->\n\n            <\/div><!-- property-grid-module -->\n    \t\t\t\t<\/div>\n\t\t\t\t<\/div>\n\t\t\t\t\t<\/div>\n\t\t\t\t<\/div>\n\t\t\t\t<\/div>\n\t\t","protected":false},"excerpt":{"rendered":"<p>Vyberte si z nab\u00eddky pozemk\u016f Ve Villa Park Sandalo m\u00e1 ka\u017ed\u00fd klient mo\u017enost vybrat si sv\u016fj ide\u00e1ln\u00ed kousek r\u00e1je. Projekt nab\u00edz\u00ed exkluzivn\u00ed pozemky o rozloze od 1 515 m\u00b2, ka\u017ed\u00fd obklopen\u00fd bujnou zelen\u00ed a s \u00fachvatn\u00fdm v\u00fdhledem na oce\u00e1n a tropick\u00fd de\u0161tn\u00fd prales. Jakmile je pozemek zaji\u0161t\u011bn, majitel\u00e9 si mohou navrhnout a postavit vilu podle [&hellip;]<\/p>\n","protected":false},"author":1,"featured_media":0,"parent":0,"menu_order":0,"comment_status":"closed","ping_status":"closed","template":"elementor_header_footer","meta":{"content-type":"","_monsterinsights_skip_tracking":false,"_monsterinsights_sitenote_active":false,"_monsterinsights_sitenote_note":"","_monsterinsights_sitenote_category":0,"footnotes":""},"class_list":["post-20404","page","type-page","status-publish","hentry"],"aioseo_notices":[],"_links":{"self":[{"href":"https:\/\/villaparksandalo.com\/cs\/wp-json\/wp\/v2\/pages\/20404","targetHints":{"allow":["GET"]}}],"collection":[{"href":"https:\/\/villaparksandalo.com\/cs\/wp-json\/wp\/v2\/pages"}],"about":[{"href":"https:\/\/villaparksandalo.com\/cs\/wp-json\/wp\/v2\/types\/page"}],"author":[{"embeddable":true,"href":"https:\/\/villaparksandalo.com\/cs\/wp-json\/wp\/v2\/users\/1"}],"replies":[{"embeddable":true,"href":"https:\/\/villaparksandalo.com\/cs\/wp-json\/wp\/v2\/comments?post=20404"}],"version-history":[{"count":1,"href":"https:\/\/villaparksandalo.com\/cs\/wp-json\/wp\/v2\/pages\/20404\/revisions"}],"predecessor-version":[{"id":20405,"href":"https:\/\/villaparksandalo.com\/cs\/wp-json\/wp\/v2\/pages\/20404\/revisions\/20405"}],"wp:attachment":[{"href":"https:\/\/villaparksandalo.com\/cs\/wp-json\/wp\/v2\/media?parent=20404"}],"curies":[{"name":"wp","href":"https:\/\/api.w.org\/{rel}","templated":true}]}}