{"id":20455,"date":"2025-08-25T12:55:23","date_gmt":"2025-08-25T12:55:23","guid":{"rendered":"https:\/\/villaparksandalo.com\/villas\/"},"modified":"2025-09-29T12:19:40","modified_gmt":"2025-09-29T12:19:40","slug":"villas","status":"publish","type":"page","link":"https:\/\/villaparksandalo.com\/es\/villas\/","title":{"rendered":"Villas"},"content":{"rendered":"\t\t<div data-elementor-type=\"wp-page\" data-elementor-id=\"20455\" class=\"elementor elementor-20455 elementor-20391\">\n\t\t\t\t<div class=\"elementor-element elementor-element-30300f14 animated-slow e-flex e-con-boxed elementor-invisible e-con e-parent\" data-id=\"30300f14\" data-element_type=\"container\" data-settings=\"{&quot;background_background&quot;:&quot;classic&quot;,&quot;animation&quot;:&quot;fadeIn&quot;}\">\n\t\t\t\t\t<div class=\"e-con-inner\">\n\t\t<div class=\"elementor-element elementor-element-47630aeb e-con-full e-flex e-con e-child\" data-id=\"47630aeb\" data-element_type=\"container\">\n\t\t\t\t<div class=\"elementor-element elementor-element-7c890ca8 elementor-invisible elementor-widget elementor-widget-heading\" data-id=\"7c890ca8\" data-element_type=\"widget\" data-settings=\"{&quot;_animation&quot;:&quot;fadeInDown&quot;}\" data-widget_type=\"heading.default\">\n\t\t\t\t<div class=\"elementor-widget-container\">\n\t\t\t\t\t<h1 class=\"elementor-heading-title elementor-size-default\">Elija nuestra villa favorita<\/h1>\t\t\t\t<\/div>\n\t\t\t\t<\/div>\n\t\t\t\t<\/div>\n\t\t\t\t\t<\/div>\n\t\t\t\t<\/div>\n\t\t\t\t<section class=\"elementor-section elementor-top-section elementor-element elementor-element-7612ac21 elementor-section-boxed elementor-section-height-default elementor-section-height-default\" data-id=\"7612ac21\" data-element_type=\"section\" data-settings=\"{&quot;background_background&quot;:&quot;classic&quot;}\">\n\t\t\t\t\t\t<div class=\"elementor-container elementor-column-gap-default\">\n\t\t\t\t\t<div class=\"elementor-column elementor-col-100 elementor-top-column elementor-element elementor-element-578b860e\" data-id=\"578b860e\" data-element_type=\"column\">\n\t\t\t<div class=\"elementor-widget-wrap elementor-element-populated\">\n\t\t\t\t\t\t<div class=\"elementor-element elementor-element-423d2632 elementor-widget elementor-widget-spacer\" data-id=\"423d2632\" data-element_type=\"widget\" data-widget_type=\"spacer.default\">\n\t\t\t\t<div class=\"elementor-widget-container\">\n\t\t\t\t\t\t\t<div class=\"elementor-spacer\">\n\t\t\t<div class=\"elementor-spacer-inner\"><\/div>\n\t\t<\/div>\n\t\t\t\t\t\t<\/div>\n\t\t\t\t<\/div>\n\t\t\t\t<div class=\"elementor-element elementor-element-45b92cb2 elementor-widget elementor-widget-text-editor\" data-id=\"45b92cb2\" data-element_type=\"widget\" data-widget_type=\"text-editor.default\">\n\t\t\t\t<div class=\"elementor-widget-container\">\n\t\t\t\t\t\t\t\t\t<p>En Villa Park Sandalo, los propietarios pueden hacer realidad su visi\u00f3n eligiendo entre una variedad de villas modelo cuidadosamente dise\u00f1adas. Cada concepto de villa combina la comodidad moderna con la arquitectura tropical, garantizando la armon\u00eda con el entorno natural. Desde elegantes refugios de un dormitorio hasta espaciosas residencias de tres dormitorios, cada dise\u00f1o ofrece flexibilidad, construcci\u00f3n de calidad y la oportunidad de personalizar los detalles, para que su hogar refleje verdaderamente su estilo de vida.<\/p>\t\t\t\t\t\t\t\t<\/div>\n\t\t\t\t<\/div>\n\t\t\t\t<div class=\"elementor-element elementor-element-42ff4fd7 elementor-widget elementor-widget-spacer\" data-id=\"42ff4fd7\" data-element_type=\"widget\" data-widget_type=\"spacer.default\">\n\t\t\t\t<div class=\"elementor-widget-container\">\n\t\t\t\t\t\t\t<div class=\"elementor-spacer\">\n\t\t\t<div class=\"elementor-spacer-inner\"><\/div>\n\t\t<\/div>\n\t\t\t\t\t\t<\/div>\n\t\t\t\t<\/div>\n\t\t\t\t\t<\/div>\n\t\t<\/div>\n\t\t\t\t\t<\/div>\n\t\t<\/section>\n\t\t\t\t<section class=\"elementor-section elementor-top-section elementor-element elementor-element-94ec424 elementor-section-boxed elementor-section-height-default elementor-section-height-default\" data-id=\"94ec424\" data-element_type=\"section\" data-settings=\"{&quot;background_background&quot;:&quot;classic&quot;}\">\n\t\t\t\t\t\t<div class=\"elementor-container elementor-column-gap-default\">\n\t\t\t\t\t<div class=\"elementor-column elementor-col-100 elementor-top-column elementor-element elementor-element-7eb7b7f\" data-id=\"7eb7b7f\" data-element_type=\"column\">\n\t\t\t<div class=\"elementor-widget-wrap elementor-element-populated\">\n\t\t\t\t\t\t<div class=\"elementor-element elementor-element-60db0041 elementor-widget elementor-widget-spacer\" data-id=\"60db0041\" data-element_type=\"widget\" data-widget_type=\"spacer.default\">\n\t\t\t\t<div class=\"elementor-widget-container\">\n\t\t\t\t\t\t\t<div class=\"elementor-spacer\">\n\t\t\t<div class=\"elementor-spacer-inner\"><\/div>\n\t\t<\/div>\n\t\t\t\t\t\t<\/div>\n\t\t\t\t<\/div>\n\t\t\t\t<div class=\"elementor-element elementor-element-3dfa9379 elementor-invisible elementor-widget elementor-widget-heading\" data-id=\"3dfa9379\" data-element_type=\"widget\" data-settings=\"{&quot;_animation&quot;:&quot;fadeInUp&quot;}\" data-widget_type=\"heading.default\">\n\t\t\t\t<div class=\"elementor-widget-container\">\n\t\t\t\t\t<h2 class=\"elementor-heading-title elementor-size-default\">Villas desde 120.000 $\n<\/h2>\t\t\t\t<\/div>\n\t\t\t\t<\/div>\n\t\t\t\t<div class=\"elementor-element elementor-element-49c41d8d elementor-widget elementor-widget-spacer\" data-id=\"49c41d8d\" data-element_type=\"widget\" data-widget_type=\"spacer.default\">\n\t\t\t\t<div class=\"elementor-widget-container\">\n\t\t\t\t\t\t\t<div class=\"elementor-spacer\">\n\t\t\t<div class=\"elementor-spacer-inner\"><\/div>\n\t\t<\/div>\n\t\t\t\t\t\t<\/div>\n\t\t\t\t<\/div>\n\t\t\t\t\t<\/div>\n\t\t<\/div>\n\t\t\t\t\t<\/div>\n\t\t<\/section>\n\t\t\t\t<section class=\"elementor-section elementor-top-section elementor-element elementor-element-7344dede elementor-section-boxed elementor-section-height-default elementor-section-height-default\" data-id=\"7344dede\" data-element_type=\"section\" data-settings=\"{&quot;background_background&quot;:&quot;classic&quot;}\">\n\t\t\t\t\t\t<div class=\"elementor-container elementor-column-gap-default\">\n\t\t\t\t\t<div class=\"elementor-column elementor-col-100 elementor-top-column elementor-element elementor-element-35790a50\" data-id=\"35790a50\" data-element_type=\"column\">\n\t\t\t<div class=\"elementor-widget-wrap elementor-element-populated\">\n\t\t\t\t\t\t<div class=\"elementor-element elementor-element-335ecf11 elementor-widget elementor-widget-spacer\" data-id=\"335ecf11\" data-element_type=\"widget\" data-widget_type=\"spacer.default\">\n\t\t\t\t<div class=\"elementor-widget-container\">\n\t\t\t\t\t\t\t<div class=\"elementor-spacer\">\n\t\t\t<div class=\"elementor-spacer-inner\"><\/div>\n\t\t<\/div>\n\t\t\t\t\t\t<\/div>\n\t\t\t\t<\/div>\n\t\t\t\t<div class=\"elementor-element elementor-element-6127d27a elementor-invisible elementor-widget elementor-widget-heading\" data-id=\"6127d27a\" data-element_type=\"widget\" data-settings=\"{&quot;_animation&quot;:&quot;fadeInUp&quot;}\" data-widget_type=\"heading.default\">\n\t\t\t\t<div class=\"elementor-widget-container\">\n\t\t\t\t\t<h2 class=\"elementor-heading-title elementor-size-default\">NUESTRA OFERTA ACTUAL DE VILLAS<\/h2>\t\t\t\t<\/div>\n\t\t\t\t<\/div>\n\t\t\t\t<div class=\"elementor-element elementor-element-3abdd980 elementor-widget elementor-widget-spacer\" data-id=\"3abdd980\" data-element_type=\"widget\" data-widget_type=\"spacer.default\">\n\t\t\t\t<div class=\"elementor-widget-container\">\n\t\t\t\t\t\t\t<div class=\"elementor-spacer\">\n\t\t\t<div class=\"elementor-spacer-inner\"><\/div>\n\t\t<\/div>\n\t\t\t\t\t\t<\/div>\n\t\t\t\t<\/div>\n\t\t\t\t\t<\/div>\n\t\t<\/div>\n\t\t\t\t\t<\/div>\n\t\t<\/section>\n\t\t<div class=\"elementor-element elementor-element-4652ffba e-flex e-con-boxed e-con e-parent\" data-id=\"4652ffba\" data-element_type=\"container\" data-settings=\"{&quot;background_background&quot;:&quot;classic&quot;}\">\n\t\t\t\t\t<div class=\"e-con-inner\">\n\t\t\t\t<div class=\"elementor-element elementor-element-2d0c166 elementor-widget elementor-widget-houzez_elementor_property-card-v1\" data-id=\"2d0c166\" data-element_type=\"widget\" data-widget_type=\"houzez_elementor_property-card-v1.default\">\n\t\t\t\t<div class=\"elementor-widget-container\">\n\t\t\t\t\t    <div id=\"properties_module_section\" class=\"property-cards-module property-cards-module-v1 property-cards-module-col-3\">\n        <div id=\"module_properties\" class=\"listing-view grid-view row row-cols-1 row-cols-md-2 row-cols-lg-3 gy-4 gx-4\">\n            <div class=\"item-listing-wrap item-wrap-v1 hz-item-gallery-js hz-map-trigger\" data-hz-id=\"20510\" data-images=\"[{&quot;image&quot;:&quot;https:\\\/\\\/villaparksandalo.com\\\/wp-content\\\/uploads\\\/2025\\\/08\\\/CAM-1-FRONT-FULL-FINAL-584x438.jpg&quot;,&quot;alt&quot;:&quot;&quot;,&quot;width&quot;:584,&quot;height&quot;:438,&quot;srcset&quot;:false,&quot;sizes&quot;:&quot;(max-width: 584px) 100vw, 584px&quot;},{&quot;image&quot;:&quot;https:\\\/\\\/villaparksandalo.com\\\/wp-content\\\/uploads\\\/2025\\\/08\\\/CAM-1-FRONT-FULL-FINAL-584x438.jpg&quot;,&quot;alt&quot;:&quot;&quot;,&quot;width&quot;:584,&quot;height&quot;:438,&quot;srcset&quot;:false,&quot;sizes&quot;:&quot;(max-width: 584px) 100vw, 584px&quot;},{&quot;image&quot;:&quot;https:\\\/\\\/villaparksandalo.com\\\/wp-content\\\/uploads\\\/2025\\\/08\\\/CAM-1-FRONT-FULL-NIGHT-FINAL-584x438.jpg&quot;,&quot;alt&quot;:&quot;&quot;,&quot;width&quot;:584,&quot;height&quot;:438,&quot;srcset&quot;:false,&quot;sizes&quot;:&quot;(max-width: 584px) 100vw, 584px&quot;},{&quot;image&quot;:&quot;https:\\\/\\\/villaparksandalo.com\\\/wp-content\\\/uploads\\\/2025\\\/08\\\/CAM-2-POOL-SIDE-FINAL-584x438.jpg&quot;,&quot;alt&quot;:&quot;&quot;,&quot;width&quot;:584,&quot;height&quot;:438,&quot;srcset&quot;:false,&quot;sizes&quot;:&quot;(max-width: 584px) 100vw, 584px&quot;},{&quot;image&quot;:&quot;https:\\\/\\\/villaparksandalo.com\\\/wp-content\\\/uploads\\\/2025\\\/08\\\/CAM-3-ENTRANCE-SIDE-584x438.jpg&quot;,&quot;alt&quot;:&quot;&quot;,&quot;width&quot;:584,&quot;height&quot;:438,&quot;srcset&quot;:&quot;https:\\\/\\\/villaparksandalo.com\\\/wp-content\\\/uploads\\\/2025\\\/08\\\/CAM-3-ENTRANCE-SIDE-584x438.jpg 584w, https:\\\/\\\/villaparksandalo.com\\\/wp-content\\\/uploads\\\/2025\\\/08\\\/CAM-3-ENTRANCE-SIDE-1536x1153.jpg 1536w, https:\\\/\\\/villaparksandalo.com\\\/wp-content\\\/uploads\\\/2025\\\/08\\\/CAM-3-ENTRANCE-SIDE.jpg 1920w&quot;,&quot;sizes&quot;:&quot;(max-width: 584px) 100vw, 584px&quot;},{&quot;image&quot;:&quot;https:\\\/\\\/villaparksandalo.com\\\/wp-content\\\/uploads\\\/2025\\\/08\\\/CAM-5-FRONT-LEFT-FULL-584x438.jpg&quot;,&quot;alt&quot;:&quot;&quot;,&quot;width&quot;:584,&quot;height&quot;:438,&quot;srcset&quot;:&quot;https:\\\/\\\/villaparksandalo.com\\\/wp-content\\\/uploads\\\/2025\\\/08\\\/CAM-5-FRONT-LEFT-FULL-584x438.jpg 584w, https:\\\/\\\/villaparksandalo.com\\\/wp-content\\\/uploads\\\/2025\\\/08\\\/CAM-5-FRONT-LEFT-FULL-1536x1152.jpg 1536w, https:\\\/\\\/villaparksandalo.com\\\/wp-content\\\/uploads\\\/2025\\\/08\\\/CAM-5-FRONT-LEFT-FULL.jpg 1920w&quot;,&quot;sizes&quot;:&quot;(max-width: 584px) 100vw, 584px&quot;},{&quot;image&quot;:&quot;https:\\\/\\\/villaparksandalo.com\\\/wp-content\\\/uploads\\\/2025\\\/08\\\/CAM-6-INT-ENTRANCE_FINAL_DAY-584x438.jpg&quot;,&quot;alt&quot;:&quot;&quot;,&quot;width&quot;:584,&quot;height&quot;:438,&quot;srcset&quot;:&quot;https:\\\/\\\/villaparksandalo.com\\\/wp-content\\\/uploads\\\/2025\\\/08\\\/CAM-6-INT-ENTRANCE_FINAL_DAY-584x438.jpg 584w, https:\\\/\\\/villaparksandalo.com\\\/wp-content\\\/uploads\\\/2025\\\/08\\\/CAM-6-INT-ENTRANCE_FINAL_DAY-1536x1153.jpg 1536w, https:\\\/\\\/villaparksandalo.com\\\/wp-content\\\/uploads\\\/2025\\\/08\\\/CAM-6-INT-ENTRANCE_FINAL_DAY.jpg 1920w&quot;,&quot;sizes&quot;:&quot;(max-width: 584px) 100vw, 584px&quot;},{&quot;image&quot;:&quot;https:\\\/\\\/villaparksandalo.com\\\/wp-content\\\/uploads\\\/2025\\\/08\\\/CAM-6-INT-ENTRANCE_FINAL_EVENING-584x438.jpg&quot;,&quot;alt&quot;:&quot;&quot;,&quot;width&quot;:584,&quot;height&quot;:438,&quot;srcset&quot;:&quot;https:\\\/\\\/villaparksandalo.com\\\/wp-content\\\/uploads\\\/2025\\\/08\\\/CAM-6-INT-ENTRANCE_FINAL_EVENING-584x438.jpg 584w, https:\\\/\\\/villaparksandalo.com\\\/wp-content\\\/uploads\\\/2025\\\/08\\\/CAM-6-INT-ENTRANCE_FINAL_EVENING-1536x1153.jpg 1536w, https:\\\/\\\/villaparksandalo.com\\\/wp-content\\\/uploads\\\/2025\\\/08\\\/CAM-6-INT-ENTRANCE_FINAL_EVENING.jpg 1920w&quot;,&quot;sizes&quot;:&quot;(max-width: 584px) 100vw, 584px&quot;},{&quot;image&quot;:&quot;https:\\\/\\\/villaparksandalo.com\\\/wp-content\\\/uploads\\\/2025\\\/08\\\/CAM-7-INT-SOFA_FINAL_DAY-1-584x438.jpg&quot;,&quot;alt&quot;:&quot;&quot;,&quot;width&quot;:584,&quot;height&quot;:438,&quot;srcset&quot;:&quot;https:\\\/\\\/villaparksandalo.com\\\/wp-content\\\/uploads\\\/2025\\\/08\\\/CAM-7-INT-SOFA_FINAL_DAY-1-584x438.jpg 584w, https:\\\/\\\/villaparksandalo.com\\\/wp-content\\\/uploads\\\/2025\\\/08\\\/CAM-7-INT-SOFA_FINAL_DAY-1-1536x1153.jpg 1536w, https:\\\/\\\/villaparksandalo.com\\\/wp-content\\\/uploads\\\/2025\\\/08\\\/CAM-7-INT-SOFA_FINAL_DAY-1.jpg 1920w&quot;,&quot;sizes&quot;:&quot;(max-width: 584px) 100vw, 584px&quot;},{&quot;image&quot;:&quot;https:\\\/\\\/villaparksandalo.com\\\/wp-content\\\/uploads\\\/2025\\\/08\\\/CAM-8-INT-KITCHEN_FINAL_DAY-584x438.jpg&quot;,&quot;alt&quot;:&quot;&quot;,&quot;width&quot;:584,&quot;height&quot;:438,&quot;srcset&quot;:&quot;https:\\\/\\\/villaparksandalo.com\\\/wp-content\\\/uploads\\\/2025\\\/08\\\/CAM-8-INT-KITCHEN_FINAL_DAY-584x438.jpg 584w, https:\\\/\\\/villaparksandalo.com\\\/wp-content\\\/uploads\\\/2025\\\/08\\\/CAM-8-INT-KITCHEN_FINAL_DAY-1536x1153.jpg 1536w, https:\\\/\\\/villaparksandalo.com\\\/wp-content\\\/uploads\\\/2025\\\/08\\\/CAM-8-INT-KITCHEN_FINAL_DAY.jpg 1920w&quot;,&quot;sizes&quot;:&quot;(max-width: 584px) 100vw, 584px&quot;}]\">\n\t<div class=\"item-wrap item-wrap-no-frame h-100\">\n\t\t<div class=\"d-flex flex-column align-items-center h-100\">\n\t\t\t<div class=\"item-header\">\n\t\t\t\t\t\t\t\t<div class=\"labels-wrap d-flex align-items-center gap-1\" role=\"group\"> \n\n\t<a href=\"https:\/\/villaparksandalo.com\/es\/status\/new-costruction-es\/\" class=\"label-status label status-color-165\">\n\t\t\t\t\tNew Costruction\n\t\t\t\t<\/a>       \n\n<\/div>\n\t\t\t\t<ul class=\"item-price-wrap d-flex flex-column gap-2\" role=\"list\">\n\t<li class=\"item-price item-price-text\">from 120.000 $<\/li><\/ul>\t\t\t\t<ul class=\"item-tools d-flex align-items-center justify-content-center gap-1\">\n        <li class=\"item-tool item-preview\">\n        <span class=\"hz-show-lightbox-js item-tool-preview text-center\" data-listid=\"20510\">\n            <span data-bs-toggle=\"tooltip\" data-bs-placement=\"top\" title=\"Preview\">\n                <i class=\"houzez-icon icon-expand-3\"><\/i>   \n            <\/span>\n        <\/span><!-- item-tool-favorite -->\n    <\/li><!-- item-tool -->\n        \n        <li class=\"item-tool item-favorite\">\n        <span class=\"add-favorite-js item-tool-favorite text-center\" data-bs-toggle=\"tooltip\" data-bs-placement=\"top\" title=\"Favourite\" data-listid=\"20510\">\n            <i class=\"houzez-icon icon-love-it \"><\/i>\n        <\/span><!-- item-tool-favorite -->\n    <\/li><!-- item-tool -->\n    \n        <li class=\"item-tool item-compare\">\n        <span class=\"houzez_compare compare-20510 item-tool-compare text-center\" data-bs-toggle=\"tooltip\" data-bs-placement=\"top\" title=\"Add to Compare\" data-listing_id=\"20510\" data-listing_image=\"https:\/\/villaparksandalo.com\/wp-content\/uploads\/2025\/08\/CAM-1-FRONT-FULL-FINAL-584x438.jpg\">\n            <i class=\"houzez-icon icon-add-circle\"><\/i>\n            <!-- <i class=\"houzez-icon icon-subtract-circle\"><\/i> -->\n        <\/span><!-- item-tool-compare -->\n    <\/li><!-- item-tool -->\n    <\/ul><!-- item-tools -->\n\t\t\t\t<div class=\"listing-image-wrap\">\n\t<div class=\"listing-thumb\">\n\t\t<a target=\"_self\" href=\"https:\/\/villaparksandalo.com\/es\/property\/1-bedroom-villa\/\" class=\"listing-featured-thumb hover-effect image-wrap\" role=\"link\">\n\t\t\t<img fetchpriority=\"high\" decoding=\"async\" width=\"584\" height=\"438\" src=\"https:\/\/villaparksandalo.com\/wp-content\/uploads\/2025\/08\/CAM-1-FRONT-FULL-FINAL-584x438.jpg\" class=\"img-fluid wp-post-image\" alt=\"\" \/>\t\t<\/a><!-- hover-effect -->\n\t<\/div>\n<\/div>\t\t\t\t<div class=\"preview_loader\"><\/div>\n\t\t\t<\/div>\n\t\t\t<div class=\"item-body w-100 flex-grow-1\">\n\t\t\t\t<h2 class=\"item-title mb-2 \">\n\t<a target=\"_self\" href=\"https:\/\/villaparksandalo.com\/es\/property\/1-bedroom-villa\/\" role=\"link\">1 bedroom Villa<\/a>\n<\/h2><!-- item-title -->\t\t\t\t<address class=\"item-address mb-2\"><i class=\"houzez-icon icon-pin me-1\" aria-hidden=\"true\"><\/i><span>S\u00e1ndalo, Puerto Jim\u00e9nez, Puntarenas, 61301, Costa Rica<\/span><\/address>\t\t\t\t\t\t\t\t<ul class=\"item-amenities d-flex flex-wrap align-items-center gap-2 mb-2 item-amenities-with-icons\" role=\"list\">\n\t<li class=\"h-beds d-flex align-items-center me-1\"><i class=\"houzez-icon icon-hotel-double-bed-1 me-2\"><\/i><span class=\"item-amenities-text\">Bed:<\/span> <span class=\"hz-figure\">1<\/span><\/li><li class=\"h-baths d-flex align-items-center me-1\"><i class=\"houzez-icon icon-bathroom-shower-1 me-2\"><\/i><span class=\"item-amenities-text\">Bath:<\/span> <span class=\"hz-figure\">1<\/span><\/li><li class=\"h-area d-flex align-items-center me-1\"><i class=\"houzez-icon icon-ruler-triangle me-2\"><\/i><span class=\"hz-figure me-1\">64<\/span> <span class=\"hz-figure area_postfix\">m2<\/span><\/li><li class=\"h-type d-flex w-100\" role=\"listitem\"><span>Villa<\/span><\/li><\/ul>\t\t\t\t<a class=\"btn btn-primary btn-item d-md-none d-xl-flex \" target=\"_self\" href=\"https:\/\/villaparksandalo.com\/es\/property\/1-bedroom-villa\/\">\n\tDetails<\/a><!-- btn-item -->\n\t\t\t<\/div>\n\t\t\t\t\t\t<div class=\"item-footer d-flex justify-content-between w-100\">\n\t\t\t\t<div class=\"item-author d-flex align-items-center gap-1\">\n\t<div class=\"item-author-image me-2\" role=\"img\">\n\t\t<img decoding=\"async\" class=\"rounded-circle\" src=\"https:\/\/villaparksandalo.com\/wp-content\/themes\/houzez\/img\/profile-avatar.png\" width=\"32\" height=\"32\" alt=\"\">\n\t<\/div>\n\t<a href=\"https:\/\/villaparksandalo.com\/es\/author\/villaparksandalo\/\" role=\"link\">villaparksandalo<\/a>\n<\/div><!-- item-author -->\n\t\t\t\t<div class=\"item-date d-flex align-items-center gap-1\">\n\t<i class=\"houzez-icon icon-attachment me-1\"><\/i>\n\t8 meses ago<\/div><!-- item-date -->\n\t\t\t<\/div>\n\t\t\t\t\t<\/div>\n\t<\/div>\n<\/div>        <\/div><!-- listing-view -->\n\n            <\/div><!-- property-grid-module -->\n    \t\t\t\t<\/div>\n\t\t\t\t<\/div>\n\t\t\t\t\t<\/div>\n\t\t\t\t<\/div>\n\t\t\t\t<\/div>\n\t\t","protected":false},"excerpt":{"rendered":"<p>Elija nuestra villa favorita En Villa Park Sandalo, los propietarios pueden hacer realidad su visi\u00f3n eligiendo entre una variedad de villas modelo cuidadosamente dise\u00f1adas. Cada concepto de villa combina la comodidad moderna con la arquitectura tropical, garantizando la armon\u00eda con el entorno natural. Desde elegantes refugios de un dormitorio hasta espaciosas residencias de tres dormitorios, [&hellip;]<\/p>\n","protected":false},"author":1,"featured_media":0,"parent":0,"menu_order":0,"comment_status":"closed","ping_status":"closed","template":"elementor_header_footer","meta":{"content-type":"","_monsterinsights_skip_tracking":false,"_monsterinsights_sitenote_active":false,"_monsterinsights_sitenote_note":"","_monsterinsights_sitenote_category":0,"footnotes":""},"class_list":["post-20455","page","type-page","status-publish","hentry"],"aioseo_notices":[],"_links":{"self":[{"href":"https:\/\/villaparksandalo.com\/es\/wp-json\/wp\/v2\/pages\/20455","targetHints":{"allow":["GET"]}}],"collection":[{"href":"https:\/\/villaparksandalo.com\/es\/wp-json\/wp\/v2\/pages"}],"about":[{"href":"https:\/\/villaparksandalo.com\/es\/wp-json\/wp\/v2\/types\/page"}],"author":[{"embeddable":true,"href":"https:\/\/villaparksandalo.com\/es\/wp-json\/wp\/v2\/users\/1"}],"replies":[{"embeddable":true,"href":"https:\/\/villaparksandalo.com\/es\/wp-json\/wp\/v2\/comments?post=20455"}],"version-history":[{"count":2,"href":"https:\/\/villaparksandalo.com\/es\/wp-json\/wp\/v2\/pages\/20455\/revisions"}],"predecessor-version":[{"id":20515,"href":"https:\/\/villaparksandalo.com\/es\/wp-json\/wp\/v2\/pages\/20455\/revisions\/20515"}],"wp:attachment":[{"href":"https:\/\/villaparksandalo.com\/es\/wp-json\/wp\/v2\/media?parent=20455"}],"curies":[{"name":"wp","href":"https:\/\/api.w.org\/{rel}","templated":true}]}}